{"id":64,"date":"2022-10-20T07:21:33","date_gmt":"2022-10-19T23:21:33","guid":{"rendered":"http:\/\/zw.mingbaitalk.cn\/?page_id=64"},"modified":"2022-11-12T14:08:02","modified_gmt":"2022-11-12T06:08:02","slug":"pslo","status":"publish","type":"page","link":"http:\/\/zw.mb233.net\/index.php\/pslo\/","title":{"rendered":"\u4f2a\u672c\u5730\u5316\u7ffb\u8bd1\u5668 Demo"},"content":{"rendered":"\n<script type=\"text\/javascript\" src=\"\/ps\/ps\/pslo.js\"><\/script>\n<div class=\"mdui-container\">\n<div class=\"mdui-textfield\">\n<textarea class=\"mdui-textfield-input\" placeholder=\"Translate something...?\" id=\"pstype\"><\/textarea>\n<\/div>\n<div class=\"wp-block-material-button\" id=\"block-material-button-0\"><a onclick=\"psloca()\" class=\"mdc-button mdc-button--raised is-large\"><i class=\"material-icons mdc-button__icon\">translate<\/i><div class=\"mdc-button__ripple\"><\/div><span class=\"mdc-button__label\">\u7ffb\u8bd1\uff01<\/span><\/a><br>\u4f2a\u672c\u5730\u5316\u7ed3\u679c\uff1a\n<div id=\"psshow\"><\/div><\/div>\n<br>\n<br>\n<br>\n\n<label class=\"mdui-radio\">\n    <input type=\"radio\" name=\"brackett\" id=\"front\">\n    <i class=\"mdui-radio-icon\"><\/i>\n    [8dRxc][\u6dfb\u52a0\u524d\u7f00 + \u7528\u62ec\u53f7\u548c\u611f\u53f9\u53f7\u62ec\u8d77\u6765 !!!]\n  <\/label>\n  <label class=\"mdui-radio\">\n    <input type=\"radio\" name=\"brackett\" id=\"bracket\">\n    <i class=\"mdui-radio-icon\"><\/i>\n    [\u4ec5\u7528\u62ec\u53f7\u548c\u611f\u53f9\u53f7\u62ec\u8d77\u6765 !!!]\n  <\/label>\n  <label class=\"mdui-radio\">\n    <input type=\"radio\" name=\"brackett\" checked=\"\">\n    <i class=\"mdui-radio-icon\"><\/i>\n    \u4e0d\u6dfb\u52a0\u524d\u540e\u7f00\n  <\/label>\n<br>\n<a class=\"mdui-btn mdui-btn-raised mdui-ripple mdui-color-theme-accent\" href=\"https:\/\/suntrise.github.io\/pseudo\/en.html\" target=\"_blank\"  rel=\"nofollow\" >English<\/a>\n&nbsp;<a class=\"mdui-btn mdui-btn-raised mdui-ripple mdui-color-theme-accent\" href=\"https:\/\/zw.mb233.net\/ps\" target=\"_blank\"  rel=\"nofollow\" >\u539f\u7248UI<\/a>\n<button class=\"mdui-btn mdui-btn-raised mdui-ripple mdui-color-theme-accent\" onclick=\"mdui.dialog({\n  title: '\u4e00\u770b\u5c31\u662f\u6ca1\u770b@STR-BSOD\u7684\u89c6\u9891\uff0c\u54fc ',\n  content: '\u4f2a\u672c\u5730\u5316\uff08pseudo-localization\uff0c\u8bed\u8a00\u73af\u5883\u540d\u79f0\u4e3a qps-ploc, qps-plocm, qps-ploca, en-XA, en-XB\uff09\uff0c\u662f\u6a21\u62df\u672c\u5730\u5316\u8fc7\u7a0b\u7684\u4e00\u79cd\u65b9\u5f0f\u3002\u800c\u901a\u8fc7\u6a21\u62df\u672c\u5730\u5316\u8fc7\u7a0b\uff0c\u80fd\u591f\u6709\u6548\u5730\u8c03\u67e5\u5728\u672c\u5730\u5316\u4e2d\u51fa\u73b0\u7684\u95ee\u9898\uff08\u5982\u5b57\u7b26\u65e0\u6cd5\u6b63\u5e38\u663e\u793a\uff0c\u6216\u56e0\u5b57\u7b26\u4e32\u8fc7\u957f\u800c\u5bfc\u81f4\u8bed\u6bb5\u663e\u793a\u4e0d\u5b8c\u6574\u7b49\uff09\u3002\u5728\u4f2a\u672c\u5730\u5316\u8fc7\u7a0b\u4e2d\uff0c\u82f1\u6587\u5b57\u6bcd\u4f1a\u88ab\u66ff\u6362\u4e3a\u6765\u81ea\u5176\u4ed6\u8bed\u8a00\u7684\u91cd\u97f3\u7b26\u53f7\u548c\u5b57\u7b26\u3002\uff08\u4f8b\u5982\uff0c\u5b57\u6bcd a \u53ef\u4ee5\u88ab \u03b1\u00e4\u00e1\u00e0\u0101\u0101\u01ce\u01ce\u0103\u0103\u00e5\u00e5 \u4e2d\u7684\u4efb\u4f55\u4e00\u4e2a\u66ff\u6362\u3002\uff09\uff0c\u8fd8\u4f1a\u6dfb\u52a0\u5206\u9694\u7b26\u7b49\u4ee5\u589e\u52a0\u5b57\u7b26\u4e32\u957f\u5ea6\u3002\u201d\u4e3e\u4f8b\uff1a\u201cWindows \u7167\u7247\u5e93\uff08Windows Photo Gallery\uff09\u201d\u2192\u201c [1iaT9][ \u1e84\u012d\u043f\u00f0\u00f8\u03c9\u015b \u00de\u043d\u00f4\u0442\u014f \u0122\u03ac\u0140\u013c\u0454\u044f\u00ff !!! !] \u201d',\n  buttons: [\n    {\n      text: '\u6211\u77e5\u9053\u5566'\n    }\n  ]\n});\">\u4f2a\u672c\u5730\u5316\u53c8\u662f\u5565?\n<\/button><\/div>\n<br>\n<br>\n<br>\n<br>\n<br>\n<br>\n<br>\n\n\n\n<p><\/p>\n\n\n\n<p><\/p>\n\n\n\n<p><\/p>\n\n\n\n<p><\/p>\n\n\n\n<div class=\"wp-block-mdx-github mdx-github-cot\" data-mdxgithuba=\"suntrise\" data-mdxgithubp=\"pseudo\" data-mdxgithubg=\"https:\/\/api.github.com\/\"><div class=\"mdx-github-wait-out-c2\"><div class=\"mdx-github-wait-out-c mdui-valign\"><div class=\"mdx-github-wait-out\"><div class=\"mdx-github-wait\"><a href=\"https:\/\/github.com\/suntrise\/pseudo\" target=\"_blank\"  rel=\"nofollow\" ><div class=\"mdui-spinner\"><\/div><\/a><\/div><\/div><\/div><\/div><\/div>\n","protected":false},"excerpt":{"rendered":"","protected":false},"author":1,"featured_media":0,"parent":0,"menu_order":0,"comment_status":"open","ping_status":"closed","template":"","meta":{"om_disable_all_campaigns":false,"_mi_skip_tracking":false,"emotion":"","emotion_color":"","title_style":"","license":"","footnotes":""},"class_list":["post-64","page","type-page","status-publish","hentry"],"aioseo_notices":[],"_links":{"self":[{"href":"http:\/\/zw.mb233.net\/index.php\/wp-json\/wp\/v2\/pages\/64","targetHints":{"allow":["GET"]}}],"collection":[{"href":"http:\/\/zw.mb233.net\/index.php\/wp-json\/wp\/v2\/pages"}],"about":[{"href":"http:\/\/zw.mb233.net\/index.php\/wp-json\/wp\/v2\/types\/page"}],"author":[{"embeddable":true,"href":"http:\/\/zw.mb233.net\/index.php\/wp-json\/wp\/v2\/users\/1"}],"replies":[{"embeddable":true,"href":"http:\/\/zw.mb233.net\/index.php\/wp-json\/wp\/v2\/comments?post=64"}],"version-history":[{"count":33,"href":"http:\/\/zw.mb233.net\/index.php\/wp-json\/wp\/v2\/pages\/64\/revisions"}],"predecessor-version":[{"id":1330,"href":"http:\/\/zw.mb233.net\/index.php\/wp-json\/wp\/v2\/pages\/64\/revisions\/1330"}],"wp:attachment":[{"href":"http:\/\/zw.mb233.net\/index.php\/wp-json\/wp\/v2\/media?parent=64"}],"curies":[{"name":"wp","href":"https:\/\/api.w.org\/{rel}","templated":true}]}}